{"id":233,"date":"2019-02-25T20:39:57","date_gmt":"2019-02-25T20:39:57","guid":{"rendered":"https:\/\/www.htmlpie.com\/preview\/wordpress-contact-form-plugin\/?page_id=233"},"modified":"2019-02-25T20:39:58","modified_gmt":"2019-02-25T20:39:58","slug":"sikca-sorulan-sorular","status":"publish","type":"page","link":"https:\/\/www.htmlpie.com\/preview\/wordpress-contact-form-plugin\/tr\/sikca-sorulan-sorular\/","title":{"rendered":"S\u0131k\u00e7a sorulan sorular"},"content":{"rendered":"\n<dl>\n<dt><strong>Bu eklentiyi kullanmak i\u00e7in CSS, HTML, JavaScript, PHP, MySQL, Kung Fu ve di\u011fer d\u00f6v\u00fc\u015f sanatlar\u0131 bilmek gerekir mi?<\/strong><\/dt>\n<dd>Hay\u0131r:) yok! Sadece nas\u0131l t\u0131klayabilirsiniz bilmek gerekir! \ud83d\ude00 D\u00fcr\u00fcst!<\/dd>\n<dt><strong>Bu herhangi bir tema ile \u00e7al\u0131\u015f\u0131r m\u0131?<\/strong><\/dt>\n<dd>Evet, kesinlikle! Bunu garanti ederim!<\/dd>\n<dt><strong>S\u0131n\u0131rs\u0131z say\u0131da form olu\u015fturabilir miyim?<\/strong><\/dt>\n<dd>Evet, kesinlikle limit yok.<\/dd>\n<dt><strong>Bu eklenti sat\u0131n al\u0131rsan\u0131z, ben s\u00fcrekli bir PRO s\u00fcr\u00fcm\u00fcne y\u00fckseltmek veya baz\u0131 di\u011fer eklentileri ve\/veya \u00f6zel teklifler, indirimler, vb sat\u0131n istenecek?<\/strong><\/dt>\n<dd>Hay\u0131r, kesinlikle de\u011fil, bu eklenti herhangi bir reklam ya da bir \u015fey tamamen \u00fccretsizdir.<\/dd>\n<dt><strong>Ayr\u0131 bir CAPTCHA eklentisi y\u00fcklemeniz gerekiyor mu?<\/strong><\/dt>\n<dd>Ne demek! Bu eklenti birka\u00e7 yerle\u015fik g\u00fc\u00e7l\u00fc CAPTCHA se\u00e7enekleri ile birlikte gelir.<\/dd>\n<dt><strong>Ben y\u00fckl\u00fc ve formu \u00f6n u\u00e7 \u00fczerinde \u00d6nizleme gibi g\u00f6r\u00fcnm\u00fcyor, ne yapmal\u0131y\u0131m?<\/strong><\/dt>\n<dd>\u015eans Tema CSS eklentisi CSS ile m\u00fcdahale, htmlpie.com\/support \u00fczerinden destek ileti\u015fim ve size Tema d\u00fczeltmek yard\u0131mc\u0131 olaca\u011f\u0131z.<\/dd>\n<dt><strong>Ziyaret\u00e7ileri tam ad\u0131n\u0131 girmeye zorlayabilir miyim?<\/strong><\/dt>\n<dd>Evet, yapabilirsiniz!<\/dd>\n<dt><strong>Ben bir dilli ileti\u015fim formu eklentisi gerekir, ben dil ba\u015f\u0131na bir form olu\u015fturmak gerekir? ContactForm7 gibi?<\/strong><\/dt>\n<dd>Ne demek! Her bir form istedi\u011finiz kadar \u00e7ok dilde \u00e7evrilebilir. Bu e-posta konu, e-posta g\u00f6vdesi, otomatik yan\u0131tlar, abonelik bildirimleri, alan etiketleri, kesinlikle her \u015feyi i\u00e7erir!!! Hatta bilmece CAPTCHA yerelle\u015ftirme haz\u0131r!<\/dd>\n<dt><strong>Daha fazla alan ekleyebilir miyim? Oda tipi, Check-in\/out tarihi, vb gibi?<\/strong><\/dt>\n<dd>Bu sadece bir &#8220;bize ula\u015f\u0131n &#8221; t\u00fcr eklentisi, size bir form Olu\u015fturucusu eklentisi bulman\u0131za tavsiye di\u011fer formlar\u0131 olu\u015fturman\u0131z gerekiyorsa.<\/dd>\n<\/dl>\n\n","protected":false},"excerpt":{"rendered":"<p>Bu eklentiyi kullanmak i\u00e7in CSS, HTML, JavaScript, PHP, MySQL, Kung Fu ve di\u011fer d\u00f6v\u00fc\u015f sanatlar\u0131 bilmek gerekir mi? Hay\u0131r:) yok! Sadece nas\u0131l t\u0131klayabilirsiniz bilmek gerekir! \ud83d\ude00 D\u00fcr\u00fcst! Bu herhangi bir tema ile \u00e7al\u0131\u015f\u0131r m\u0131? Evet, kesinlikle! Bunu garanti ederim! S\u0131n\u0131rs\u0131z say\u0131da form olu\u015fturabilir miyim? Evet, kesinlikle limit yok. Bu eklenti sat\u0131n al\u0131rsan\u0131z, ben s\u00fcrekli bir [&hellip;]<\/p>\n","protected":false},"author":1,"featured_media":0,"parent":0,"menu_order":0,"comment_status":"closed","ping_status":"closed","template":"","meta":{"footnotes":""},"class_list":["post-233","page","type-page","status-publish","hentry"],"_links":{"self":[{"href":"https:\/\/www.htmlpie.com\/preview\/wordpress-contact-form-plugin\/wp-json\/wp\/v2\/pages\/233","targetHints":{"allow":["GET"]}}],"collection":[{"href":"https:\/\/www.htmlpie.com\/preview\/wordpress-contact-form-plugin\/wp-json\/wp\/v2\/pages"}],"about":[{"href":"https:\/\/www.htmlpie.com\/preview\/wordpress-contact-form-plugin\/wp-json\/wp\/v2\/types\/page"}],"author":[{"embeddable":true,"href":"https:\/\/www.htmlpie.com\/preview\/wordpress-contact-form-plugin\/wp-json\/wp\/v2\/users\/1"}],"replies":[{"embeddable":true,"href":"https:\/\/www.htmlpie.com\/preview\/wordpress-contact-form-plugin\/wp-json\/wp\/v2\/comments?post=233"}],"version-history":[{"count":1,"href":"https:\/\/www.htmlpie.com\/preview\/wordpress-contact-form-plugin\/wp-json\/wp\/v2\/pages\/233\/revisions"}],"predecessor-version":[{"id":234,"href":"https:\/\/www.htmlpie.com\/preview\/wordpress-contact-form-plugin\/wp-json\/wp\/v2\/pages\/233\/revisions\/234"}],"wp:attachment":[{"href":"https:\/\/www.htmlpie.com\/preview\/wordpress-contact-form-plugin\/wp-json\/wp\/v2\/media?parent=233"}],"curies":[{"name":"wp","href":"https:\/\/api.w.org\/{rel}","templated":true}]}}