{"id":231,"date":"2019-02-25T20:37:31","date_gmt":"2019-02-25T20:37:31","guid":{"rendered":"https:\/\/www.htmlpie.com\/preview\/wordpress-contact-form-plugin\/?page_id=231"},"modified":"2019-02-25T20:37:33","modified_gmt":"2019-02-25T20:37:33","slug":"domande-frequenti","status":"publish","type":"page","link":"https:\/\/www.htmlpie.com\/preview\/wordpress-contact-form-plugin\/it\/domande-frequenti\/","title":{"rendered":"Domande frequenti"},"content":{"rendered":"\n<dl>\n<dt><strong>Ho bisogno di conoscere CSS, HTML, JavaScript, PHP, MySQL, Kung fu e altre arti marziali al fine di utilizzare questo plugin?<\/strong><\/dt>\n<dd>No:) non lo fai! Hai solo bisogno di sapere come fare clic! \ud83d\ude00 Onesto!<\/dd>\n<dt><strong>Funziona con qualsiasi tema?<\/strong><\/dt>\n<dd>S\u00ec, assolutamente! possiamo garantirlo!<\/dd>\n<dt><strong>Posso creare un numero illimitato di moduli?<\/strong><\/dt>\n<dd>S\u00ec, non c&#8217;\u00e8 assolutamente nessun limite.<\/dd>\n<dt><strong>Se compro questo plugin, sar\u00f2 costantemente chiesto di aggiornare a una versione PRO o acquistare alcuni altri plugin e\/o offerte speciali, sconti, ecc?<\/strong><\/dt>\n<dd>No, assolutamente no, questo plugin \u00e8 totalmente privo di qualsiasi pubblicit\u00e0 o nulla.<\/dd>\n<dt><strong>\u00c8 necessario installare un plug-in CAPTCHA separato?<\/strong><\/dt>\n<dd>Niente affatto! Questo plugin \u00e8 dotato di diverse opzioni built-in potenti CAPTCHA.<\/dd>\n<dt><strong>Ho installato e il modulo non sembra l&#8217;anteprima sul front-end, cosa devo fare?<\/strong><\/dt>\n<dd>Le probabilit\u00e0 sono il vostro tema CSS sta interferendo con il plugin CSS, contattare il supporto tramite htmlpie.com\/support e ti aiuteremo a risolvere il tuo tema.<\/dd>\n<dt><strong>Posso obbligare i visitatori a inserire il loro nome completo?<\/strong><\/dt>\n<dd>S\u00ec, puoi!<\/dd>\n<dt><strong>Ho bisogno di un modulo di contatto multilingue plugin, devo creare un modulo per lingua? come ContactForm7?<\/strong><\/dt>\n<dd>Niente affatto! Ogni singolo modulo pu\u00f2 essere tradotto in tutte le lingue che vuoi. Questo include l&#8217;oggetto di posta elettronica, corpo e-mail, risposte automatiche, notifiche di sottoscrizione, etichette di campo, assolutamente tutto!!! Anche il CAPTCHA Riddle \u00e8 pronto per la localizzazione!<\/dd>\n<dt><strong>Posso aggiungere altri campi? come tipo di camera, data di check-in\/out, ecc?<\/strong><\/dt>\n<dd>Questo \u00e8 solo un &#8220;Contattaci &#8221; tipo di plugin, se avete bisogno di creare altri moduli si consiglia di trovare un plugin modulo Builder.<\/dd>\n<\/dl>\n\n","protected":false},"excerpt":{"rendered":"<p>Ho bisogno di conoscere CSS, HTML, JavaScript, PHP, MySQL, Kung fu e altre arti marziali al fine di utilizzare questo plugin? No:) non lo fai! Hai solo bisogno di sapere come fare clic! \ud83d\ude00 Onesto! Funziona con qualsiasi tema? S\u00ec, assolutamente! possiamo garantirlo! Posso creare un numero illimitato di moduli? S\u00ec, non c&#8217;\u00e8 assolutamente nessun [&hellip;]<\/p>\n","protected":false},"author":1,"featured_media":0,"parent":0,"menu_order":0,"comment_status":"closed","ping_status":"closed","template":"","meta":{"footnotes":""},"class_list":["post-231","page","type-page","status-publish","hentry"],"_links":{"self":[{"href":"https:\/\/www.htmlpie.com\/preview\/wordpress-contact-form-plugin\/wp-json\/wp\/v2\/pages\/231","targetHints":{"allow":["GET"]}}],"collection":[{"href":"https:\/\/www.htmlpie.com\/preview\/wordpress-contact-form-plugin\/wp-json\/wp\/v2\/pages"}],"about":[{"href":"https:\/\/www.htmlpie.com\/preview\/wordpress-contact-form-plugin\/wp-json\/wp\/v2\/types\/page"}],"author":[{"embeddable":true,"href":"https:\/\/www.htmlpie.com\/preview\/wordpress-contact-form-plugin\/wp-json\/wp\/v2\/users\/1"}],"replies":[{"embeddable":true,"href":"https:\/\/www.htmlpie.com\/preview\/wordpress-contact-form-plugin\/wp-json\/wp\/v2\/comments?post=231"}],"version-history":[{"count":1,"href":"https:\/\/www.htmlpie.com\/preview\/wordpress-contact-form-plugin\/wp-json\/wp\/v2\/pages\/231\/revisions"}],"predecessor-version":[{"id":232,"href":"https:\/\/www.htmlpie.com\/preview\/wordpress-contact-form-plugin\/wp-json\/wp\/v2\/pages\/231\/revisions\/232"}],"wp:attachment":[{"href":"https:\/\/www.htmlpie.com\/preview\/wordpress-contact-form-plugin\/wp-json\/wp\/v2\/media?parent=231"}],"curies":[{"name":"wp","href":"https:\/\/api.w.org\/{rel}","templated":true}]}}