{"id":227,"date":"2019-02-25T20:34:37","date_gmt":"2019-02-25T20:34:37","guid":{"rendered":"https:\/\/www.htmlpie.com\/preview\/wordpress-contact-form-plugin\/?page_id=227"},"modified":"2019-02-25T20:34:38","modified_gmt":"2019-02-25T20:34:38","slug":"perguntas-frequentes","status":"publish","type":"page","link":"https:\/\/www.htmlpie.com\/preview\/wordpress-contact-form-plugin\/pt\/perguntas-frequentes\/","title":{"rendered":"Perguntas frequentes"},"content":{"rendered":"\n<dl>\n<dt><strong>Eu preciso saber CSS, HTML, JavaScript, PHP, MySQL, Kung Fu e outras artes marciais, a fim de usar este plugin?<\/strong><\/dt>\n<dd>N\u00e3o:) Voc\u00ea n\u00e3o! Voc\u00ea s\u00f3 precisa saber como clicar! \ud83d\ude00 Honesto!<\/dd>\n<dt><strong>Ser\u00e1 que este trabalho com qualquer tema?<\/strong><\/dt>\n<dd>Sim, absolutamente! N\u00f3s podemos garantir que!<\/dd>\n<dt><strong>Posso criar um n\u00famero ilimitado de formul\u00e1rios?<\/strong><\/dt>\n<dd>Sim, n\u00e3o h\u00e1 absolutamente nenhum limite.<\/dd>\n<dt><strong>Se eu comprar este plugin, serei constantemente solicitado a atualizar para uma vers\u00e3o PRO ou comprar alguns outros plugins e\/ou ofertas especiais, descontos, etc?<\/strong><\/dt>\n<dd>N\u00e3o, absolutamente n\u00e3o, este plugin \u00e9 totalmente livre de qualquer an\u00fancio ou qualquer coisa.<\/dd>\n<dt><strong>Preciso instalar um plugin CAPTCHA separado?<\/strong><\/dt>\n<dd>De modo algum! Este plugin vem com v\u00e1rias op\u00e7\u00f5es built-in CAPTCHA poderoso.<\/dd>\n<dt><strong>Eu instalei-o e o formul\u00e1rio n\u00e3o olha como a inspe\u00e7\u00e3o pr\u00e9via no front-end, que devo eu fazer?<\/strong><\/dt>\n<dd>As chances s\u00e3o o seu tema CSS est\u00e1 interferindo com o plugin CSS, entre em contato com o suporte via htmlpie.com\/support e vamos ajud\u00e1-lo a corrigir o seu tema.<\/dd>\n<dt><strong>Posso for\u00e7ar os visitantes a inserir seu nome completo?<\/strong><\/dt>\n<dd>Sim, voc\u00ea pode!<\/dd>\n<dt><strong>Eu preciso de um plugin de formul\u00e1rio de contato multil\u00edng\u00fce, eu preciso criar um formul\u00e1rio por idioma? como ContactForm7?<\/strong><\/dt>\n<dd>De modo algum! Cada formul\u00e1rio pode ser traduzido em tantos idiomas quanto voc\u00ea quiser. Isto inclui assunto do email, corpo do email, respostas autom\u00e1ticas, notifica\u00e7\u00f5es da subscri\u00e7\u00e3o, etiquetas do campo, absolutamente tudo!!! At\u00e9 o enigma CAPTCHA est\u00e1 pronto para a localiza\u00e7\u00e3o!<\/dd>\n<dt><strong>Posso adicionar mais campos? como tipo de quarto, check in\/out data, etc?<\/strong><\/dt>\n<dd>Este \u00e9 apenas um &#8220;contact us &#8221; tipo de plugin, se voc\u00ea precisa criar outras formas, recomendamos que voc\u00ea encontre um plugin do construtor de formul\u00e1rios.<\/dd>\n<\/dl>\n\n","protected":false},"excerpt":{"rendered":"<p>Eu preciso saber CSS, HTML, JavaScript, PHP, MySQL, Kung Fu e outras artes marciais, a fim de usar este plugin? N\u00e3o:) Voc\u00ea n\u00e3o! Voc\u00ea s\u00f3 precisa saber como clicar! \ud83d\ude00 Honesto! Ser\u00e1 que este trabalho com qualquer tema? Sim, absolutamente! N\u00f3s podemos garantir que! Posso criar um n\u00famero ilimitado de formul\u00e1rios? Sim, n\u00e3o h\u00e1 absolutamente [&hellip;]<\/p>\n","protected":false},"author":1,"featured_media":0,"parent":0,"menu_order":0,"comment_status":"closed","ping_status":"closed","template":"","meta":{"footnotes":""},"class_list":["post-227","page","type-page","status-publish","hentry"],"_links":{"self":[{"href":"https:\/\/www.htmlpie.com\/preview\/wordpress-contact-form-plugin\/wp-json\/wp\/v2\/pages\/227","targetHints":{"allow":["GET"]}}],"collection":[{"href":"https:\/\/www.htmlpie.com\/preview\/wordpress-contact-form-plugin\/wp-json\/wp\/v2\/pages"}],"about":[{"href":"https:\/\/www.htmlpie.com\/preview\/wordpress-contact-form-plugin\/wp-json\/wp\/v2\/types\/page"}],"author":[{"embeddable":true,"href":"https:\/\/www.htmlpie.com\/preview\/wordpress-contact-form-plugin\/wp-json\/wp\/v2\/users\/1"}],"replies":[{"embeddable":true,"href":"https:\/\/www.htmlpie.com\/preview\/wordpress-contact-form-plugin\/wp-json\/wp\/v2\/comments?post=227"}],"version-history":[{"count":1,"href":"https:\/\/www.htmlpie.com\/preview\/wordpress-contact-form-plugin\/wp-json\/wp\/v2\/pages\/227\/revisions"}],"predecessor-version":[{"id":228,"href":"https:\/\/www.htmlpie.com\/preview\/wordpress-contact-form-plugin\/wp-json\/wp\/v2\/pages\/227\/revisions\/228"}],"wp:attachment":[{"href":"https:\/\/www.htmlpie.com\/preview\/wordpress-contact-form-plugin\/wp-json\/wp\/v2\/media?parent=227"}],"curies":[{"name":"wp","href":"https:\/\/api.w.org\/{rel}","templated":true}]}}