{"id":225,"date":"2019-02-25T20:31:11","date_gmt":"2019-02-25T20:31:11","guid":{"rendered":"https:\/\/www.htmlpie.com\/preview\/wordpress-contact-form-plugin\/?page_id=225"},"modified":"2019-02-25T20:31:12","modified_gmt":"2019-02-25T20:31:12","slug":"haufig-gestellte-fragen","status":"publish","type":"page","link":"https:\/\/www.htmlpie.com\/preview\/wordpress-contact-form-plugin\/de\/haufig-gestellte-fragen\/","title":{"rendered":"H\u00e4ufig gestellte Fragen"},"content":{"rendered":"\n<dl>\n<dt><strong>Muss ich CSS, HTML, JavaScript, PHP, MySQL, Kung Fu und andere Kampfsportarten kennen, um dieses Plugin zu verwenden?<\/strong><\/dt>\n<dd>Keine:) Sie nicht! Sie m\u00fcssen nur wissen, wie Sie klicken! \ud83d\ude00 Ehrlich!<\/dd>\n<dt><strong>Funktioniert das mit einem Thema?<\/strong><\/dt>\n<dd>Ja, absolut! Das k\u00f6nnen wir garantieren!<\/dd>\n<dt><strong>Kann ich eine unbegrenzte Anzahl von Formularen erstellen?<\/strong><\/dt>\n<dd>Ja, da gibt es absolut keine Grenzen.<\/dd>\n<dt><strong>Wenn ich dieses Plugin kaufe, werde ich st\u00e4ndig gebeten, auf eine PRO-Version zu aktualisieren oder ein paar andere Plugins and\/oder spezielle Angebote, Rabatte, etc. zu kaufen?<\/strong><\/dt>\n<dd>Nein, absolut nicht, dieses Plugin ist v\u00f6llig frei von Werbung oder irgendetwas.<\/dd>\n<dt><strong>Muss ich ein separates CAPTCHA-Plugin installieren?<\/strong><\/dt>\n<dd>\u00dcberhaupt nicht! Dieses Plugin kommt mit mehreren eingebauten leistungsstarken CAPTCHA-Optionen.<\/dd>\n<dt><strong>Ich habe es installiert und das Formular sieht nicht aus wie die Vorschau auf der Vorderseite, was soll ich tun?<\/strong><\/dt>\n<dd>Die M\u00f6glichkeit, dass Ihr Thema CSS in das Plugin CSS eingreift, kontaktieren Sie den Support \u00fcber htmlpie.com\/Unterst\u00fctzung und wir helfen Ihnen, Ihr Thema zu beheben.<\/dd>\n<dt><strong>Kann ich die Besucher zwingen, ihren vollst\u00e4ndigen Namen einzutragen?<\/strong><\/dt>\n<dd>Ja, man kann!<\/dd>\n<dt><strong>Ich brauche ein mehrsprachiges Kontaktformular Plugin, muss ich ein Formular pro Sprache erstellen? Wie ContactForm7?<\/strong><\/dt>\n<dd>\u00dcberhaupt nicht! Jedes einzelne Formular kann in beliebig viele Sprachen \u00fcbersetzt werden. Dazu geh\u00f6ren E-Mail-Betreff, E-Mail-K\u00f6rper, automatische Antworten, Abo-Benachrichtigungen, Feldetiketten, absolut alles!!! Auch das R\u00e4tsel CAPTCHA ist lokalisierungsfertig!<\/dd>\n<dt><strong>Kann ich noch mehr Felder hinzuf\u00fcgen? Wie Zimmertyp, Check in\/.<\/strong><\/dt>\n<dd>Dies ist nur eine &#8220;Kontakt &#8221; Art von Plugin, wenn Sie andere Formulare erstellen m\u00fcssen, empfehlen wir Ihnen, ein Formular-Builder-Plugin zu finden.<\/dd>\n<\/dl>\n\n","protected":false},"excerpt":{"rendered":"<p>Muss ich CSS, HTML, JavaScript, PHP, MySQL, Kung Fu und andere Kampfsportarten kennen, um dieses Plugin zu verwenden? Keine:) Sie nicht! Sie m\u00fcssen nur wissen, wie Sie klicken! \ud83d\ude00 Ehrlich! Funktioniert das mit einem Thema? Ja, absolut! Das k\u00f6nnen wir garantieren! Kann ich eine unbegrenzte Anzahl von Formularen erstellen? Ja, da gibt es absolut keine [&hellip;]<\/p>\n","protected":false},"author":1,"featured_media":0,"parent":0,"menu_order":0,"comment_status":"closed","ping_status":"closed","template":"","meta":{"footnotes":""},"class_list":["post-225","page","type-page","status-publish","hentry"],"_links":{"self":[{"href":"https:\/\/www.htmlpie.com\/preview\/wordpress-contact-form-plugin\/wp-json\/wp\/v2\/pages\/225","targetHints":{"allow":["GET"]}}],"collection":[{"href":"https:\/\/www.htmlpie.com\/preview\/wordpress-contact-form-plugin\/wp-json\/wp\/v2\/pages"}],"about":[{"href":"https:\/\/www.htmlpie.com\/preview\/wordpress-contact-form-plugin\/wp-json\/wp\/v2\/types\/page"}],"author":[{"embeddable":true,"href":"https:\/\/www.htmlpie.com\/preview\/wordpress-contact-form-plugin\/wp-json\/wp\/v2\/users\/1"}],"replies":[{"embeddable":true,"href":"https:\/\/www.htmlpie.com\/preview\/wordpress-contact-form-plugin\/wp-json\/wp\/v2\/comments?post=225"}],"version-history":[{"count":1,"href":"https:\/\/www.htmlpie.com\/preview\/wordpress-contact-form-plugin\/wp-json\/wp\/v2\/pages\/225\/revisions"}],"predecessor-version":[{"id":226,"href":"https:\/\/www.htmlpie.com\/preview\/wordpress-contact-form-plugin\/wp-json\/wp\/v2\/pages\/225\/revisions\/226"}],"wp:attachment":[{"href":"https:\/\/www.htmlpie.com\/preview\/wordpress-contact-form-plugin\/wp-json\/wp\/v2\/media?parent=225"}],"curies":[{"name":"wp","href":"https:\/\/api.w.org\/{rel}","templated":true}]}}