{"id":221,"date":"2019-02-25T20:25:04","date_gmt":"2019-02-25T20:25:04","guid":{"rendered":"https:\/\/www.htmlpie.com\/preview\/wordpress-contact-form-plugin\/?page_id=221"},"modified":"2019-02-25T21:29:34","modified_gmt":"2019-02-25T21:29:34","slug":"foire-aux-questions","status":"publish","type":"page","link":"https:\/\/www.htmlpie.com\/preview\/wordpress-contact-form-plugin\/fr\/foire-aux-questions\/","title":{"rendered":"Foire aux questions"},"content":{"rendered":"\n<dl>\n<dt><strong>Ai-je besoin de savoir CSS, HTML, JavaScript, PHP, MySQL, Kung Fu et d&#8217;autres arts martiaux afin d&#8217;utiliser ce plugin?<\/strong><\/dt>\n<dd>Non:) Tu ne le fais pas! vous avez juste besoin de savoir comment cliquer! \ud83d\ude00 Honn\u00eate!<\/dd>\n<dt><strong>Est-ce que cela fonctionne avec n&#8217;importe quel th\u00e8me?<\/strong><\/dt>\n<dd>Oui, absolument! Nous pouvons garantir que!<\/dd>\n<dt><strong>Puis-je cr\u00e9er un nombre illimit\u00e9 de formulaires?<\/strong><\/dt>\n<dd>Oui, il n&#8217;y a absolument aucune limite.<\/dd>\n<dt><strong>Si j&#8217;ach\u00e8te ce plugin, vais-je constamment \u00eatre invit\u00e9 \u00e0 mettre \u00e0 niveau vers une version PRO ou acheter d&#8217;autres plugins et\/ou des offres sp\u00e9ciales, des rabais, etc?<\/strong><\/dt>\n<dd>Non, absolument pas, ce plugin est totalement libre de toute publicit\u00e9 ou quoi que ce soit.<\/dd>\n<dt><strong>Dois-je installer un plugin CAPTCHA distinct?<\/strong><\/dt>\n<dd>Pas du tout! Ce plugin est livr\u00e9 avec plusieurs options int\u00e9gr\u00e9es CAPTCHA puissantes.<\/dd>\n<dt><strong>Je l&#8217;ai install\u00e9 et la forme ne ressemble pas \u00e0 l&#8217;aper\u00e7u sur le front-end, que dois-je faire?<\/strong><\/dt>\n<dd>Il y a des chances que votre th\u00e8me CSS interf\u00e8re avec le plugin CSS, contactez le support via htmlpie.com\/support et nous vous aiderons \u00e0 r\u00e9soudre votre th\u00e8me.<\/dd>\n<dt><strong>Puis-je forcer les visiteurs \u00e0 entrer leur nom complet?<\/strong><\/dt>\n<dd>Si, tu peux!<\/dd>\n<dt><strong>J&#8217;ai besoin d&#8217;un plugin de formulaire de contact multilingue, dois-je cr\u00e9er un formulaire par langue? comme ContactForm7?<\/strong><\/dt>\n<dd>Pas du tout! Chaque formulaire peut \u00eatre traduit en autant de langues que vous le souhaitez. Ceci inclut le sujet de courrier \u00e9lectronique, le corps de courrier \u00e9lectronique, les r\u00e9ponses automatiques, les notifications d&#8217;abonnement, les \u00e9tiquettes de champ, absolument tout!!! M\u00eame l&#8217;\u00e9nigme CAPTCHA est pr\u00eate pour la localisation!<\/dd>\n<dt><strong>Puis-je ajouter d&#8217;autres champs? comme type de chambre, date d&#8217;arriv\u00e9e\/de sortie, etc.?<\/strong><\/dt>\n<dd>Ce n&#8217;est qu&#8217;un type de plugin &#8220;Contactez-nous &#8220;, si vous avez besoin de cr\u00e9er d&#8217;autres formulaires, nous vous recommandons de trouver un plugin de g\u00e9n\u00e9rateur de formulaire.<\/dd>\n<\/dl>\n\n","protected":false},"excerpt":{"rendered":"<p>Ai-je besoin de savoir CSS, HTML, JavaScript, PHP, MySQL, Kung Fu et d&#8217;autres arts martiaux afin d&#8217;utiliser ce plugin? Non:) Tu ne le fais pas! vous avez juste besoin de savoir comment cliquer! \ud83d\ude00 Honn\u00eate! Est-ce que cela fonctionne avec n&#8217;importe quel th\u00e8me? Oui, absolument! Nous pouvons garantir que! Puis-je cr\u00e9er un nombre illimit\u00e9 de [&hellip;]<\/p>\n","protected":false},"author":1,"featured_media":0,"parent":0,"menu_order":0,"comment_status":"closed","ping_status":"closed","template":"","meta":{"footnotes":""},"class_list":["post-221","page","type-page","status-publish","hentry"],"_links":{"self":[{"href":"https:\/\/www.htmlpie.com\/preview\/wordpress-contact-form-plugin\/wp-json\/wp\/v2\/pages\/221","targetHints":{"allow":["GET"]}}],"collection":[{"href":"https:\/\/www.htmlpie.com\/preview\/wordpress-contact-form-plugin\/wp-json\/wp\/v2\/pages"}],"about":[{"href":"https:\/\/www.htmlpie.com\/preview\/wordpress-contact-form-plugin\/wp-json\/wp\/v2\/types\/page"}],"author":[{"embeddable":true,"href":"https:\/\/www.htmlpie.com\/preview\/wordpress-contact-form-plugin\/wp-json\/wp\/v2\/users\/1"}],"replies":[{"embeddable":true,"href":"https:\/\/www.htmlpie.com\/preview\/wordpress-contact-form-plugin\/wp-json\/wp\/v2\/comments?post=221"}],"version-history":[{"count":2,"href":"https:\/\/www.htmlpie.com\/preview\/wordpress-contact-form-plugin\/wp-json\/wp\/v2\/pages\/221\/revisions"}],"predecessor-version":[{"id":246,"href":"https:\/\/www.htmlpie.com\/preview\/wordpress-contact-form-plugin\/wp-json\/wp\/v2\/pages\/221\/revisions\/246"}],"wp:attachment":[{"href":"https:\/\/www.htmlpie.com\/preview\/wordpress-contact-form-plugin\/wp-json\/wp\/v2\/media?parent=221"}],"curies":[{"name":"wp","href":"https:\/\/api.w.org\/{rel}","templated":true}]}}