{"id":209,"date":"2019-02-25T20:01:53","date_gmt":"2019-02-25T20:01:53","guid":{"rendered":"https:\/\/www.htmlpie.com\/preview\/wordpress-contact-form-plugin\/?page_id=209"},"modified":"2019-02-25T20:01:54","modified_gmt":"2019-02-25T20:01:54","slug":"bizimle-iletisime-gecin","status":"publish","type":"page","link":"https:\/\/www.htmlpie.com\/preview\/wordpress-contact-form-plugin\/tr\/bizimle-iletisime-gecin\/","title":{"rendered":"Bizimle ileti\u015fime ge\u00e7in"},"content":{"rendered":"\n<p>Bu, \u00f6rnek bir Bize Ula\u015f\u0131n sayfas\u0131d\u0131r, l\u00fctfen  kesinlikle her \u015feyi ne kadar kolay \u00f6zelle\u015ftirebilece\u011finizi g\u00f6rmek i\u00e7in  \u00f6nizleme arac\u0131n\u0131 kullan\u0131n! alanlar, ifadeler, bak ve hisset, her \u015fey  sadece tek bir t\u0131klama ile \u00f6zelle\u015ftirilebilir hale getirildi! <\/p>\n\n\n\n<div id=\"hpcf_1\" class=\"hp_contact_form hpcf_on_gecko hpcf_not_ie  hpcf_font_size_none hpcf_layout_grid hpcf_border_radius_submit_5 hpcf_border_radius_notice_5 hpcf_border_radius_fields_5 hpcf_notice_1 hpcf_spinner_1 hpcf_fields_1 hpcf_submit_1 hpcf_width_submit_none hpcf_alignment_submit_left hpcf_message_height_none\">\n\t<h3 class=\"hpcf_title\">\n\t\tForm Title<\/h3>\n\t\t<div class=\"hpcf_form_description\">\n\t\tLorem ipsum dolor sit amet, consectetur adipisicing elit, sed do eiusmod tempor incididunt ut labore et dolore magna aliqua. Ut enim ad minim veniam, quis nostrud exercitation ullamco laboris nisi ut aliquip ex ea commodo consequat.<\/div>\n\t\t<form id=\"hpcf_form_1\" action=\"\/preview\/wordpress-contact-form-plugin\/wp-json\/wp\/v2\/pages\/209\" method=\"post\" enctype=\"multipart\/form-data\">\n\n\t<div class=\"hpcf_row\">\n\t\t\t<div class=\"hpcf_column hpcf_column_name\">\n\t\t<label for=\"hpcf_name_1\">Full Name:<\/label><input type=\"text\" name=\"hpcf_name_1\" id=\"hpcf_name_1\" value=\"\" size=\"20\" maxlength=\"50\" role=\"textbox\" \/>\t\t<\/div>\n\t\t\n\t\t<div class=\"hpcf_column hpcf_column_email\">\n\t<label for=\"hpcf_email_1\">E-mail: <span class=\"hpcf_asterisk\" title=\"Required\">(Required)<\/span><\/label><input type=\"email\" name=\"hpcf_email_1\" id=\"hpcf_email_1\" value=\"\" size=\"20\" role=\"textbox\" aria-required=\"true\" \/>\t\t<\/div>\n\n\t\t\t<div class=\"hpcf_column hpcf_column_phone\">\n\t\t<label for=\"hpcf_phone_1\">Phone:<\/label><input type=\"tel\" name=\"hpcf_phone_1\" id=\"hpcf_phone_1\" value=\"\" size=\"20\" role=\"textbox\" \/>\t\t<\/div>\n\t\t\t\t<div class=\"hpcf_column hpcf_column_recipient hpcf_contains_select\">\n\t\t<label for=\"hpcf_recipient_1\">Recipient:<\/label><select autocomplete=\"off\" name=\"hpcf_recipient_1\" id=\"hpcf_recipient_1\" role=\"listbox\" aria-required=\"true\"><option value=\"1\" class=\"cf_recipient_1\" role=\"option\">Support<\/option><option value=\"2\" class=\"cf_recipient_2\" role=\"option\">Sales<\/option><option value=\"3\" class=\"cf_recipient_3\" role=\"option\">Billing<\/option><\/select>\t\t<\/div>\n\t\t\n\t<\/div>\n\n\t\t<div class=\"hpcf_row hpcf_row_message\">\n\t\t<label for=\"hpcf_message_1\">Message:<\/label><div class=\"hpcf_small hpcf_message_description\">Lorem ipsum dolor sit amet, consectetur adipisicing elit, sed do eiusmod tempor incididunt ut labore et dolore magna aliqua.<\/div><textarea name=\"hpcf_message_1\" id=\"hpcf_message_1\" cols=\"50\" rows=\"7\" maxlength=\"1000\" role=\"textbox\" aria-multiline=\"true\"><\/textarea>\t<\/div>\n\t\t\t<div class=\"hpcf_row hpcf_row_attachment\">\n\t\t<label>Attachment:<\/label><input type=\"hidden\" name=\"MAX_FILE_SIZE\" id=\"hpcf_max_file_size_1\" value=\"8388608\" \/><div class=\"hpcf_small hpcf_attachment_description\">Lorem ipsum dolor sit amet, consectetur adipisicing elit, sed do eiusmod tempor incididunt ut labore et dolore magna aliqua.<\/div><label for=\"hpcf_attachment_1_1\" class=\"screen-reader-text\">Attachment 1<\/label><div><input type=\"file\" autocomplete=\"off\" name=\"hpcf_attachment_1[]\" id=\"hpcf_attachment_1_1\" \/><\/div><label for=\"hpcf_attachment_2_1\" class=\"screen-reader-text\">Attachment 2<\/label><div><input type=\"file\" autocomplete=\"off\" name=\"hpcf_attachment_1[]\" id=\"hpcf_attachment_2_1\" \/><\/div><label for=\"hpcf_attachment_3_1\" class=\"screen-reader-text\">Attachment 3<\/label><div><input type=\"file\" autocomplete=\"off\" name=\"hpcf_attachment_1[]\" id=\"hpcf_attachment_3_1\" \/><\/div><div class=\"hpcf_small\">(Allowed Attachment Types: JPG, PDF, DOCX - Maximum Upload Size: 8M)<\/div>\t<\/div>\n\t\t\t<div class=\"hpcf_row hpcf_row_cc\">\n\t\t<input type=\"checkbox\" autocomplete=\"off\" name=\"hpcf_cc_1\" id=\"hpcf_cc_1\" \/><label for=\"hpcf_cc_1\">Send a copy to yourself<\/label>\t<\/div>\n\t\t\t<div class=\"hpcf_row hpcf_row_subscribe\">\n\t\t<input type=\"checkbox\" autocomplete=\"off\" name=\"hpcf_subscribe_1\" id=\"hpcf_subscribe_1\" \/><label for=\"hpcf_subscribe_1\">Subscribe to our newsletter<\/label>\t<\/div>\n\t\t<div class=\"hpcf_row hpcf_row_26325e4828478c4f43752cb577f74686\" style=\"border:0 none !important;clip:rect(1px 1px 1px 1px);clip:rect(1px,1px,1px,1px);height:1px !important;margin:0 !important;overflow:hidden !important;padding:0 !important;position:absolute !important;width:1px !important;\"><label for=\"hpcf_26325e4828478c4f43752cb577f74686_1\">26325e4828478c4f43752cb577f74686 <span class=\"hpcf_asterisk\" title=\"Required\">(Required)<\/span><\/label><input type=\"text\" name=\"hpcf_26325e4828478c4f43752cb577f74686_1\" id=\"hpcf_26325e4828478c4f43752cb577f74686_1\" \/><\/div>\n\t<div class=\"hpcf_row hpcf_row_submit\">\n\t<input type=\"hidden\" name=\"4V2taLvTyNU3AQrD3fPM\" value=\"2CD03MptPmUy40aT2vNFln0AL4f3d1\" \/><input type=\"hidden\" name=\"hpcf_id\" value=\"[O]yKbfesEknAg=\" \/><input type=\"hidden\" name=\"hpcf_current_url\" value=\"[O]C2Vmq5MRAZFeMnYFF8+sdxdhsrPFjqpvtLCAat2oSyUOxTsz4En3zcx9mLIcwgDJ\/LKq7d9\/GEkoJmIl1AA8MfHlbukdcyMcrLy4C+lfa93smN13cXhuyg==\" \/><input type=\"submit\" autocomplete=\"off\" name=\"submit\" class=\"hpcf_button_submit\" value=\"Submit\" role=\"button\" \/><div class=\"hpcf_required\">(* Required fields)<\/div>\t<\/div>\n<\/form>\n\t<\/div>\n\t\n","protected":false},"excerpt":{"rendered":"<p>Bu, \u00f6rnek bir Bize Ula\u015f\u0131n sayfas\u0131d\u0131r, l\u00fctfen kesinlikle her \u015feyi ne kadar kolay \u00f6zelle\u015ftirebilece\u011finizi g\u00f6rmek i\u00e7in \u00f6nizleme arac\u0131n\u0131 kullan\u0131n! alanlar, ifadeler, bak ve hisset, her \u015fey sadece tek bir t\u0131klama ile \u00f6zelle\u015ftirilebilir hale getirildi!<\/p>\n","protected":false},"author":1,"featured_media":0,"parent":0,"menu_order":0,"comment_status":"open","ping_status":"open","template":"","meta":{"footnotes":""},"class_list":["post-209","page","type-page","status-publish","hentry"],"_links":{"self":[{"href":"https:\/\/www.htmlpie.com\/preview\/wordpress-contact-form-plugin\/wp-json\/wp\/v2\/pages\/209","targetHints":{"allow":["GET"]}}],"collection":[{"href":"https:\/\/www.htmlpie.com\/preview\/wordpress-contact-form-plugin\/wp-json\/wp\/v2\/pages"}],"about":[{"href":"https:\/\/www.htmlpie.com\/preview\/wordpress-contact-form-plugin\/wp-json\/wp\/v2\/types\/page"}],"author":[{"embeddable":true,"href":"https:\/\/www.htmlpie.com\/preview\/wordpress-contact-form-plugin\/wp-json\/wp\/v2\/users\/1"}],"replies":[{"embeddable":true,"href":"https:\/\/www.htmlpie.com\/preview\/wordpress-contact-form-plugin\/wp-json\/wp\/v2\/comments?post=209"}],"version-history":[{"count":1,"href":"https:\/\/www.htmlpie.com\/preview\/wordpress-contact-form-plugin\/wp-json\/wp\/v2\/pages\/209\/revisions"}],"predecessor-version":[{"id":210,"href":"https:\/\/www.htmlpie.com\/preview\/wordpress-contact-form-plugin\/wp-json\/wp\/v2\/pages\/209\/revisions\/210"}],"wp:attachment":[{"href":"https:\/\/www.htmlpie.com\/preview\/wordpress-contact-form-plugin\/wp-json\/wp\/v2\/media?parent=209"}],"curies":[{"name":"wp","href":"https:\/\/api.w.org\/{rel}","templated":true}]}}